{"id":5,"date":"2017-11-16T18:12:52","date_gmt":"2017-11-16T18:12:52","guid":{"rendered":"https:\/\/comumexican.mx\/Lilas\/?page_id=5"},"modified":"2021-01-29T21:07:18","modified_gmt":"2021-01-29T21:07:18","slug":"inicio","status":"publish","type":"page","link":"https:\/\/comumexican.mx\/Lilas\/","title":{"rendered":"INICIO"},"content":{"rendered":"<div  class=\"one fullwidth \"><link href=\"https:\/\/fonts.googleapis.com\/css?family=Josefin+Sans:700%2C600%7CNothing+You+Could+Do:400\" rel=\"stylesheet\" property=\"stylesheet\" type=\"text\/css\" media=\"all\">\n<div id=\"rev_slider_3_1_wrapper\" class=\"rev_slider_wrapper fullwidthbanner-container\" data-alias=\"home-slider\" data-source=\"gallery\" style=\"margin:0px auto;background:#111111;padding:0px;margin-top:0px;margin-bottom:0px;background-image:url(https:\/\/comumexican.mx\/Lilas\/wp-content\/uploads\/2017\/11\/Slide8.jpg);background-repeat:no-repeat;background-size:cover;background-position:center center;\">\n<!-- START REVOLUTION SLIDER 5.4.6.3 auto mode --><\/p>\n<div id=\"rev_slider_3_1\" class=\"rev_slider fullwidthabanner\" style=\"display:none;\" data-version=\"5.4.6.3\">\n<ul>\t<!-- SLIDE  --><\/p>\n<li data-index=\"rs-3\" data-transition=\"fade\" data-slotamount=\"default\" data-hideafterloop=\"0\" data-hideslideonmobile=\"off\"  data-easein=\"default\" data-easeout=\"default\" data-masterspeed=\"300\"  data-rotate=\"0\"  data-saveperformance=\"off\"  data-title=\"Slide\" data-param1=\"\" data-param2=\"\" data-param3=\"\" data-param4=\"\" data-param5=\"\" data-param6=\"\" data-param7=\"\" data-param8=\"\" data-param9=\"\" data-param10=\"\" data-description=\"\">\n\t\t<!-- MAIN IMAGE --><br \/>\n\t\t<img loading=\"lazy\" decoding=\"async\" src=\"https:\/\/comumexican.mx\/Lilas\/wp-content\/uploads\/2017\/11\/Slide8.jpg\"  alt=\"\" title=\"Slide8\"  width=\"1440\" height=\"900\" data-bgposition=\"center center\" data-bgfit=\"cover\" data-bgrepeat=\"no-repeat\" class=\"rev-slidebg\" data-no-retina><br \/>\n\t\t<!-- LAYERS --><\/p>\n<p>\t\t<!-- LAYER NR. 1 --><\/p>\n<div class=\"tp-caption   tp-resizeme\" \n\t\t\t id=\"slide-3-layer-1\" \n\t\t\t data-x=\"right\" data-hoffset=\"143\" \n\t\t\t data-y=\"center\" data-voffset=\"103\" \n\t\t\t\t\t\tdata-width=\"['auto']\"\n\t\t\tdata-height=\"['auto']\"\n \n\t\t\tdata-type=\"text\" \n\t\t\tdata-responsive_offset=\"on\" \n\n\t\t\tdata-frames='[{\"delay\":10,\"speed\":1000,\"frame\":\"0\",\"from\":\"sX:0.8;sY:0.8;opacity:0;fb:10px;\",\"to\":\"o:1;fb:0;\",\"ease\":\"Power3.easeInOut\"},{\"delay\":\"wait\",\"speed\":300,\"frame\":\"999\",\"to\":\"opacity:0;fb:0;\",\"ease\":\"Power3.easeInOut\"}]'\n\t\t\tdata-textAlign=\"['inherit','inherit','inherit','inherit']\"\n\t\t\tdata-paddingtop=\"[0,0,0,0]\"\n\t\t\tdata-paddingright=\"[0,0,0,0]\"\n\t\t\tdata-paddingbottom=\"[0,0,0,0]\"\n\t\t\tdata-paddingleft=\"[0,0,0,0]\"\n\n\t\t\tstyle=\"z-index: 5; white-space: nowrap; font-size: 60px; line-height: 22px; font-weight: 700; color: #f4ab00; letter-spacing: 0px;font-family:Josefin Sans;text-transform:uppercase;\">Proyectos <\/div>\n<p>\t\t<!-- LAYER NR. 2 --><\/p>\n<div class=\"tp-caption   tp-resizeme\" \n\t\t\t id=\"slide-3-layer-2\" \n\t\t\t data-x=\"right\" data-hoffset=\"311\" \n\t\t\t data-y=\"center\" data-voffset=\"146\" \n\t\t\t\t\t\tdata-width=\"['auto']\"\n\t\t\tdata-height=\"['auto']\"\n \n\t\t\tdata-type=\"text\" \n\t\t\tdata-responsive_offset=\"on\" \n\n\t\t\tdata-frames='[{\"delay\":10,\"speed\":1000,\"frame\":\"0\",\"from\":\"sX:0.8;sY:0.8;opacity:0;fb:10px;\",\"to\":\"o:1;fb:0;\",\"ease\":\"Power3.easeInOut\"},{\"delay\":\"wait\",\"speed\":300,\"frame\":\"999\",\"to\":\"opacity:0;fb:0;\",\"ease\":\"Power3.easeInOut\"}]'\n\t\t\tdata-textAlign=\"['inherit','inherit','inherit','inherit']\"\n\t\t\tdata-paddingtop=\"[0,0,0,0]\"\n\t\t\tdata-paddingright=\"[0,0,0,0]\"\n\t\t\tdata-paddingbottom=\"[0,0,0,0]\"\n\t\t\tdata-paddingleft=\"[0,0,0,0]\"\n\n\t\t\tstyle=\"z-index: 6; white-space: nowrap; font-size: 30px; line-height: 22px; font-weight: 600; color: #00eddd; letter-spacing: 1px;font-family:Josefin Sans;\">:-) <\/div>\n<p>\t\t<!-- LAYER NR. 3 --><\/p>\n<div class=\"tp-caption   tp-resizeme\" \n\t\t\t id=\"slide-3-layer-3\" \n\t\t\t data-x=\"right\" data-hoffset=\"52\" \n\t\t\t data-y=\"center\" data-voffset=\"44\" \n\t\t\t\t\t\tdata-width=\"['512']\"\n\t\t\tdata-height=\"['23']\"\n \n\t\t\tdata-type=\"text\" \n\t\t\tdata-responsive_offset=\"on\" \n\n\t\t\tdata-frames='[{\"delay\":10,\"speed\":1000,\"frame\":\"0\",\"from\":\"sX:0.8;sY:0.8;opacity:0;fb:10px;\",\"to\":\"o:1;fb:0;\",\"ease\":\"Power3.easeInOut\"},{\"delay\":\"wait\",\"speed\":300,\"frame\":\"999\",\"to\":\"opacity:0;fb:0;\",\"ease\":\"Power3.easeInOut\"}]'\n\t\t\tdata-textAlign=\"['inherit','inherit','inherit','inherit']\"\n\t\t\tdata-paddingtop=\"[0,0,0,0]\"\n\t\t\tdata-paddingright=\"[0,0,0,0]\"\n\t\t\tdata-paddingbottom=\"[0,0,0,0]\"\n\t\t\tdata-paddingleft=\"[0,0,0,0]\"\n\n\t\t\tstyle=\"z-index: 7; min-width: 512px; max-width: 512px; max-width: 23px; max-width: 23px; white-space: nowrap; font-size: 38px; line-height: 22px; font-weight: 400; color: #cfa670; letter-spacing: 4px;font-family:Nothing You Could Do;\">Dise\u00f1amos tus mejores <\/div>\n<\/li>\n<\/ul>\n<div class=\"tp-bannertimer tp-bottom\" style=\"visibility: hidden !important;\"><\/div>\n<\/p><\/div>\n<style><\/style>\n<p>\t\t<script type=\"text\/javascript\">\nsetREVStartSize({c: jQuery('#rev_slider_3_1'), gridwidth: [1240], gridheight: [900], sliderLayout: 'auto'});<\/p>\n<p>var revapi3,\n\ttpj=jQuery;<\/p>\n<p>tpj(document).ready(function() {\n\tif(tpj(\"#rev_slider_3_1\").revolution == undefined){\n\t\trevslider_showDoubleJqueryError(\"#rev_slider_3_1\");\n\t}else{\n\t\trevapi3 = tpj(\"#rev_slider_3_1\").show().revolution({\n\t\t\tsliderType:\"hero\",\n\t\t\tjsFileLocation:\"\/\/comumexican.mx\/Lilas\/wp-content\/plugins\/revslider\/public\/assets\/js\/\",\n\t\t\tsliderLayout:\"auto\",\n\t\t\tdottedOverlay:\"none\",\n\t\t\tdelay:9000,\n\t\t\tvisibilityLevels:[1240,1024,778,480],\n\t\t\tgridwidth:1240,\n\t\t\tgridheight:900,\n\t\t\tlazyType:\"none\",\n\t\t\tscrolleffect: {\n\t\t\t\tgrayscale:\"on\",\n\t\t\t\ton_slidebg:\"on\",\n\t\t\t},\n\t\t\tshadow:0,\n\t\t\tspinner:\"spinner2\",\n\t\t\tautoHeight:\"off\",\n\t\t\tdisableProgressBar:\"on\",\n\t\t\thideThumbsOnMobile:\"off\",\n\t\t\thideSliderAtLimit:0,\n\t\t\thideCaptionAtLimit:0,\n\t\t\thideAllCaptionAtLilmit:0,\n\t\t\tdebugMode:false,\n\t\t\tfallbacks: {\n\t\t\t\tsimplifyAll:\"off\",\n\t\t\t\tdisableFocusListener:false,\n\t\t\t}\n\t\t});\n\t}<\/p>\n<p>});\t\/*ready*\/\n<\/script><\/p>\n<style type=\"text\/css\">\t#rev_slider_3_1_wrapper .tp-loader.spinner2{ background-color: #cfa670 !important; } <\/style>\n<\/div>\n<p><!-- END REVOLUTION SLIDER --><\/div>\n<div  class=\"one withsmallpadding ppb_text\" style=\"text-align:center;padding-bottom:0 !important;padding:50px 0 50px 0;\" >\n<div class=\"standard_wrapper\">\n<div class=\"page_content_wrapper\">\n<div class=\"inner\">\n<div style=\"margin:auto;width:60%\">\n<div style=\"font-size: 30px; text-transform: uppercase; letter-spacing: -1px; font-weight: 300;\">BIENVENIDO A COMUMEXICAN<\/div>\n<div class=\"post_detail\">&#8211; Ser\u00e1 un placer atenderte &#8211;<\/div>\n<\/div>\n<\/div>\n<\/div>\n<\/div>\n<\/div>\n<div id=\"COMUMEXICAN - Dise\u00f1o Publicitario y Souvenirs\" class=\"one withsmallpadding ppb_text\" style=\"padding:45px 0 45px 0;\" >\n<div class=\"standard_wrapper\">\n<div class=\"page_content_wrapper\">\n<div class=\"inner\">\n<div style=\"margin:auto;width:80%\">\n<h1 style=\"text-align: center;\"><strong>Dise\u00f1o Publicitario<\/strong><\/h1>\n<h2 style=\"text-align: center;\"><strong><em>\u00b7 Sitios Web \u00b7 Dise\u00f1o Editorial \u00b7 Imagen Corporativa \u00b7 Fotograf\u00eda de Producto \u00b7 Redes Sociales \u00b7 Vinil de Rotulaci\u00f3n \u00b7 Estampado de Playeras \u00b7 Tazas Estampadas \u00b7 Gorras \u00b7 Sudaderas \u00b7 Souvenirs<\/em><\/strong><\/h2>\n<\/div>\n<\/div>\n<\/div>\n<\/div>\n<\/div>\n<div  class=\"one ppb_card_two_cols_with_image\" style=\"padding: 50px 0 70px 0 !important;position:relative;padding:40px 0 40px 0;\" >\n<div class=\"standard_wrapper\">\n<div class=\"page_content_wrapper\">\n<div class=\"inner\">\n<div class=\"one_half parallax_scroll_image\" style=\"width:65%;\">\n<div class=\"image_classic_frame expand\">\n<div class=\"image_wrapper\"><a href=\"https:\/\/comumexican.mx\/Lilas\/wp-content\/uploads\/2017\/11\/Slide-Servicios-1.jpg\" class=\"img_frame\"><img decoding=\"async\" src=\"https:\/\/comumexican.mx\/Lilas\/wp-content\/uploads\/2017\/11\/Slide-Servicios-1.jpg\" class=\"portfolio_img\" alt=\"\"\/><\/a><\/div>\n<\/div>\n<\/div>\n<div class=\"one_half last parallax_scroll\" style=\"width:40%;position:absolute;right:90px;padding:40px;background:#ffffff;\" data-stellar-ratio=\"1.3\">\n<h2 class=\"ppb_title\" ><span class=\"ppb_title_first\" >Dise\u00f1o<\/span>Web<\/h2>\n<div class=\"ppb_subtitle\" >3 planes para tu elecci\u00f3n<\/div>\n<div class=\"page_header_sep left\" ><\/div>\n<p>&#8211; Hosting por 1 a\u00f1o.<br \/>\n&#8211; Dominio gratis .com \/ .com.mx.<br \/>\n&#8211; Sitio web para diferentes dispositivos.<br \/>\n&#8211; Correo electr\u00f3nicos personalizados.<br \/>\n&#8211; Formulario de contacto.<br \/>\n<span style=\"color: #99d3d4;\">&#8211; <strong>\u00a1Todo lo que requiera tu EMPRESA!<\/strong><\/span><\/p>\n<p><a class=\"button contact\" href=\"https:\/\/comumexican.mx\/Lilas\/diseno-web\/\"><span style=\"color: #8fefb4;\">VER PLANES<\/span><\/a><\/div>\n<p><br class=\"clear\"\/><\/div>\n<\/div>\n<\/div>\n<\/div>\n<div  class=\"one withsmallpadding ppb_content_half_bg withbg \" style=\"padding: 50px 0 70px 0 !important;background-image:url(https:\/\/comumexican.mx\/Lilas\/wp-content\/uploads\/2017\/11\/Slide-Servicios-2.3.jpg);background-position: center center;padding:30px 0 30px 0;\" >\n<div class=\"standard_wrapper\">\n<div class=\"page_content_wrapper\">\n<div class=\"inner\">\n<div class=\"one_half_bg\" style=\"background:#ffffff;background:rgb(255,255,255,1);background:rgba(255,255,255,1);\">\n<h2 class=\"ppb_title\" style=\"\"><span class=\"ppb_title_first\" >Playera<\/span>Estampada<\/h2>\n<div class=\"ppb_subtitle\" style=\"\">Para:<\/div>\n<div class=\"page_header_sep left\" ><\/div>\n<p>&#8211; Fiestas para Ni\u00f1os, J\u00f3venes y Adultos<br \/>\n&#8211; Aniversarios<br \/>\n&#8211; Personalizadas<br \/>\n&#8211; Eventos<br \/>\n&#8211; Corporativas<br \/>\n&#8211; Peregrinaciones<br \/>\n<strong><span style=\"color: #d49ad5;\">&#8211; \u00a1Todo lo que necesitas!<\/span> <\/strong>\ud83d\ude42<\/p>\n<p><a class=\"button contact\" href=\"https:\/\/comumexican.mx\/Lilas\/contacto\/\"><span style=\"color: #8fefb4;\">SOLICITAR COTIZACI\u00d3N<\/span><\/a><\/p>\n<\/div>\n<\/div>\n<\/div>\n<\/div>\n<\/div>\n<div  class=\"one ppb_card_two_cols_with_image\" style=\"padding: 50px 0 70px 0 !important;position:relative;padding:40px 0 40px 0;\" >\n<div class=\"standard_wrapper\">\n<div class=\"page_content_wrapper\">\n<div class=\"inner\">\n<div class=\"one_half parallax_scroll_image\" style=\"width:65%;\">\n<div class=\"image_classic_frame expand\">\n<div class=\"image_wrapper\"><a href=\"https:\/\/comumexican.mx\/Lilas\/wp-content\/uploads\/2017\/11\/Slide-Servicios-3.1.jpg\" class=\"img_frame\"><img decoding=\"async\" src=\"https:\/\/comumexican.mx\/Lilas\/wp-content\/uploads\/2017\/11\/Slide-Servicios-3.1.jpg\" class=\"portfolio_img\" alt=\"\"\/><\/a><\/div>\n<\/div>\n<\/div>\n<div class=\"one_half last parallax_scroll\" style=\"width:40%;position:absolute;right:90px;padding:40px;background:#ffffff;\" data-stellar-ratio=\"1.3\">\n<h2 class=\"ppb_title\" ><span class=\"ppb_title_first\" >Dise\u00f1o<\/span>Publicitario<\/h2>\n<div class=\"ppb_subtitle\" >Imagen Corporativa y Dise\u00f1o Editorial<\/div>\n<div class=\"page_header_sep left\" ><\/div>\n<p>&#8211; Dise\u00f1o Corporativo<br \/>\n&#8211; Desarrollo de Logotipos<br \/>\n&#8211; Tarjetas de Presentaci\u00f3n<br \/>\n&#8211; Folders<br \/>\n&#8211; Volantes<br \/>\n&#8211; Lonas<br \/>\n<span style=\"color: #a9d59a;\">&#8211; \u00a1<strong>Personalizamos<\/strong> tus impresos!<\/span><\/p>\n<p><a class=\"button contact\" href=\"https:\/\/comumexican.mx\/Lilas\/diseno-publicitario\/\"><span style=\"color: #8fefb4;\">VER FORMATOS DE DISE\u00d1O<\/span><\/a><\/div>\n<p><br class=\"clear\"\/><\/div>\n<\/div>\n<\/div>\n<\/div>\n<div  class=\"one withsmallpadding ppb_content_half_bg withbg \" style=\"padding: 50px 0 70px 0 !important;background-image:url(https:\/\/comumexican.mx\/Lilas\/wp-content\/uploads\/2017\/11\/Slide-Servicios-4.6.jpg);background-position: center center;padding:30px 0 30px 0;\" >\n<div class=\"standard_wrapper\">\n<div class=\"page_content_wrapper\">\n<div class=\"inner\">\n<div class=\"one_half_bg\" style=\"background:#ffffff;background:rgb(255,255,255,1);background:rgba(255,255,255,1);\">\n<h2 class=\"ppb_title\" style=\"\"><span class=\"ppb_title_first\" >Vinil<\/span>de Rotulaci\u00f3n<\/h2>\n<div class=\"ppb_subtitle\" style=\"\">Se\u00f1alamientos, Hologramas, Logotipos, N\u00fameros, Letras, etc.<\/div>\n<div class=\"page_header_sep left\" ><\/div>\n<p>&#8211; Rotulos para Taxis, Vidrios, Muros, Puertas, Coches y Camionetas.<br \/>\n<span style=\"color: #9a9bd4;\">&#8211; \u00a1Damos <strong>COLOR<\/strong> a tus espacios!<\/span><\/p>\n<p><a class=\"button contact\" href=\"https:\/\/comumexican.mx\/Lilas\/contacto\/\"><span style=\"color: #8fefb4;\">CONTACTAR<\/span><\/a><\/p>\n<\/div>\n<\/div>\n<\/div>\n<\/div>\n<\/div>\n<div  class=\"one ppb_card_two_cols_with_image\" style=\"padding: 50px 0 70px 0 !important;position:relative;padding:40px 0 40px 0;\" >\n<div class=\"standard_wrapper\">\n<div class=\"page_content_wrapper\">\n<div class=\"inner\">\n<div class=\"one_half parallax_scroll_image\" style=\"width:65%;\">\n<div class=\"image_classic_frame expand\">\n<div class=\"image_wrapper\"><a href=\"https:\/\/comumexican.mx\/Lilas\/wp-content\/uploads\/2021\/01\/Slide-Servicios-FOTO2021.jpg\" class=\"img_frame\"><img decoding=\"async\" src=\"https:\/\/comumexican.mx\/Lilas\/wp-content\/uploads\/2021\/01\/Slide-Servicios-FOTO2021.jpg\" class=\"portfolio_img\" alt=\"\"\/><\/a><\/div>\n<\/div>\n<\/div>\n<div class=\"one_half last parallax_scroll\" style=\"width:40%;position:absolute;right:90px;padding:40px;background:#ffffff;\" data-stellar-ratio=\"1.3\">\n<h2 class=\"ppb_title\" ><span class=\"ppb_title_first\" >Fotograf\u00eda<\/span>de Producto<\/h2>\n<div class=\"ppb_subtitle\" >Institucional y de producto<\/div>\n<div class=\"page_header_sep left\" ><\/div>\n<p>&#8211; Por d\u00eda<br \/>\n&#8211; Por evento<br \/>\n&#8211; Por sesi\u00f3n fotogr\u00e1fica<br \/>\n<span style=\"color: #8fefb4;\">&#8211; \u00a1Muestra tu empresa con <strong>CALIDAD<\/strong>!<\/span><\/p>\n<p><a class=\"button contact\" href=\"https:\/\/comumexican.mx\/Lilas\/fotografia\/\"><span style=\"color: #8fefb4;\">VER PORTAFOLIO<\/span><\/a><\/div>\n<p><br class=\"clear\"\/><\/div>\n<\/div>\n<\/div>\n<\/div>\n<div  class=\"one withsmallpadding ppb_content_half_bg withbg \" style=\"padding: 50px 0 70px 0 !important;background-image:url(https:\/\/comumexican.mx\/Lilas\/wp-content\/uploads\/2021\/01\/Slide-SUBLIMACION2021-5.jpg);background-position: center center;padding:30px 0 30px 0;\" >\n<div class=\"standard_wrapper\">\n<div class=\"page_content_wrapper\">\n<div class=\"inner\">\n<div class=\"one_half_bg\" style=\"background:#ffffff;background:rgb(255,255,255,1);background:rgba(255,255,255,1);\">\n<h2 class=\"ppb_title\" style=\"\"><span class=\"ppb_title_first\" >Souvenirs<\/span>Sublimaci\u00f3n<\/h2>\n<div class=\"ppb_subtitle\" style=\"\">Vinil Textil y Sublimaci\u00f3n<\/div>\n<div class=\"page_header_sep left\" ><\/div>\n<p>&#8211; Gorras<br \/>\n&#8211; Tazas<br \/>\n&#8211; Portaretratos<br \/>\n&#8211; Playeras<br \/>\n&#8211; Cilindros<br \/>\n<span style=\"color: #d69a9a;\">&#8211; <strong>\u00a1Detalles que los har\u00e1n recordarte!<\/strong><\/span><\/p>\n<p><a class=\"button contact\" href=\"https:\/\/comumexican.mx\/Lilas\/productos-comumexican\/\"><span style=\"color: #8fefb4;\">VER PRODUCTOS<\/span><\/a><\/p>\n<\/div>\n<\/div>\n<\/div>\n<\/div>\n<\/div>\n<div  class=\"one ppb_card_two_cols_with_image\" style=\"padding: 50px 0 70px 0 !important;position:relative;padding:40px 0 40px 0;\" >\n<div class=\"standard_wrapper\">\n<div class=\"page_content_wrapper\">\n<div class=\"inner\">\n<div class=\"one_half parallax_scroll_image\" style=\"width:65%;\">\n<div class=\"image_classic_frame expand\">\n<div class=\"image_wrapper\"><a href=\"https:\/\/comumexican.mx\/Lilas\/wp-content\/uploads\/2020\/05\/facepromo.jpg\" class=\"img_frame\"><img decoding=\"async\" src=\"https:\/\/comumexican.mx\/Lilas\/wp-content\/uploads\/2020\/05\/facepromo.jpg\" class=\"portfolio_img\" alt=\"\"\/><\/a><\/div>\n<\/div>\n<\/div>\n<div class=\"one_half last parallax_scroll\" style=\"width:40%;position:absolute;right:90px;padding:40px;background:#ffffff;\" data-stellar-ratio=\"1.3\">\n<h2 class=\"ppb_title\" ><span class=\"ppb_title_first\" >Redes<\/span>Sociales<\/h2>\n<div class=\"ppb_subtitle\" >Facebook e Instamgram<\/div>\n<div class=\"page_header_sep left\" ><\/div>\n<p>&#8211; M\u00e1s Likes<br \/>\n&#8211; M\u00e1s seguidores<br \/>\n&#8211; M\u00e1s reproducciones<br \/>\n&#8211; Difusi\u00f3n de promociones<br \/>\n&#8211; Difusi\u00f3n de ubicaci\u00f3n de local<br \/>\n<span style=\"color: #8fefb4;\">&#8211; \u00a1<strong>POSICIONATE<\/strong> en la mente de tus clientes!<\/span><\/p>\n<p><a class=\"button contact\" href=\"https:\/\/comumexican.mx\/Lilas\/contacto\/\"><span style=\"color: #8fefb4;\">SOLICITAR COTIZACI\u00d3N<\/span><\/a><\/div>\n<p><br class=\"clear\"\/><\/div>\n<\/div>\n<\/div>\n<\/div>\n<div  class=\"one withsmallpadding ppb_content_half_bg withbg \" style=\"padding: 50px 0 70px 0 !important;background-image:url(https:\/\/comumexican.mx\/Lilas\/wp-content\/uploads\/2021\/01\/Slide-PINTURA2021-6.jpg);background-position: center center;padding:30px 0 30px 0;\" >\n<div class=\"standard_wrapper\">\n<div class=\"page_content_wrapper\">\n<div class=\"inner\">\n<div class=\"one_half_bg\" style=\"background:#ffffff;background:rgb(255,255,255,1);background:rgba(255,255,255,1);\">\n<h2 class=\"ppb_title\" style=\"\"><span class=\"ppb_title_first\" >Pintura<\/span>art\u00edstica<\/h2>\n<div class=\"ppb_subtitle\" style=\"\">Pintura al \u00f3leo<\/div>\n<div class=\"page_header_sep left\" ><\/div>\n<p>&#8211; Lienzos<br \/>\n&#8211; Murales<br \/>\n&#8211; Aplicaciones en objetos<br \/>\n<span style=\"color: #fa6c6c;\">&#8211; \u00a1El <strong>ARTE<\/strong> a tu alcance!<\/span><\/p>\n<p><a class=\"button contact\" href=\"https:\/\/comumexican.mx\/Lilas\/contacto\/\"><span style=\"color: #8fefb4;\">INFORMES Y COTIZACIONES<\/span><\/a><\/p>\n<\/div>\n<\/div>\n<\/div>\n<\/div>\n<\/div>\n","protected":false},"excerpt":{"rendered":"<p>Proyectos \ud83d\ude42 Dise\u00f1amos tus mejores BIENVENIDO A COMUMEXICAN &#8211; Ser\u00e1 un placer atenderte &#8211; Dise\u00f1o Publicitario \u00b7 Sitios Web \u00b7 Dise\u00f1o Editorial \u00b7 Imagen Corporativa \u00b7 Fotograf\u00eda de Producto \u00b7 Redes Sociales \u00b7 Vinil de Rotulaci\u00f3n \u00b7 Estampado de Playeras [&hellip;]<\/p>\n","protected":false},"author":1,"featured_media":0,"parent":0,"menu_order":0,"comment_status":"closed","ping_status":"closed","template":"","meta":{"footnotes":""},"_links":{"self":[{"href":"https:\/\/comumexican.mx\/Lilas\/wp-json\/wp\/v2\/pages\/5"}],"collection":[{"href":"https:\/\/comumexican.mx\/Lilas\/wp-json\/wp\/v2\/pages"}],"about":[{"href":"https:\/\/comumexican.mx\/Lilas\/wp-json\/wp\/v2\/types\/page"}],"author":[{"embeddable":true,"href":"https:\/\/comumexican.mx\/Lilas\/wp-json\/wp\/v2\/users\/1"}],"replies":[{"embeddable":true,"href":"https:\/\/comumexican.mx\/Lilas\/wp-json\/wp\/v2\/comments?post=5"}],"version-history":[{"count":171,"href":"https:\/\/comumexican.mx\/Lilas\/wp-json\/wp\/v2\/pages\/5\/revisions"}],"predecessor-version":[{"id":848,"href":"https:\/\/comumexican.mx\/Lilas\/wp-json\/wp\/v2\/pages\/5\/revisions\/848"}],"wp:attachment":[{"href":"https:\/\/comumexican.mx\/Lilas\/wp-json\/wp\/v2\/media?parent=5"}],"curies":[{"name":"wp","href":"https:\/\/api.w.org\/{rel}","templated":true}]}}